{"id":6,"date":"2018-11-27T09:17:28","date_gmt":"2018-11-27T09:17:28","guid":{"rendered":"https:\/\/www.providentgt.com\/services\/"},"modified":"2024-05-26T23:43:58","modified_gmt":"2024-05-26T23:43:58","slug":"implantes-dentales","status":"publish","type":"page","link":"https:\/\/www.providentgt.com\/?page_id=6","title":{"rendered":"Implantes Dentales"},"content":{"rendered":"\t\t<div data-elementor-type=\"wp-post\" data-elementor-id=\"6\" class=\"elementor elementor-6\">\n\t\t\t\t<div class=\"elementor-element elementor-element-ecdc542 e-flex e-con-boxed e-con e-parent\" data-id=\"ecdc542\" data-element_type=\"container\" data-e-type=\"container\" data-settings=\"{&quot;background_background&quot;:&quot;gradient&quot;}\">\n\t\t\t\t\t<div class=\"e-con-inner\">\n\t\t\t\t\t<\/div>\n\t\t\t\t<\/div>\n\t\t<div class=\"elementor-element elementor-element-78cf7c8 e-flex e-con-boxed e-con e-parent\" data-id=\"78cf7c8\" data-element_type=\"container\" data-e-type=\"container\" data-settings=\"{&quot;background_background&quot;:&quot;gradient&quot;}\">\n\t\t\t\t\t<div class=\"e-con-inner\">\n\t\t<div class=\"elementor-element elementor-element-6e195ce e-con-full e-flex e-con e-child\" data-id=\"6e195ce\" data-element_type=\"container\" data-e-type=\"container\">\n\t\t\t\t<div class=\"elementor-element elementor-element-39e4a95 elementor-widget elementor-widget-image\" data-id=\"39e4a95\" data-element_type=\"widget\" data-e-type=\"widget\" data-widget_type=\"image.default\">\n\t\t\t\t<div class=\"elementor-widget-container\">\n\t\t\t\t\t\t\t\t\t\t\t\t\t\t\t<img fetchpriority=\"high\" decoding=\"async\" width=\"600\" height=\"400\" src=\"https:\/\/www.providentgt.com\/wp-content\/uploads\/2024\/05\/logo-microdent.jpg\" class=\"attachment-large size-large wp-image-1492\" alt=\"\" srcset=\"https:\/\/www.providentgt.com\/wp-content\/uploads\/2024\/05\/logo-microdent.jpg 600w, https:\/\/www.providentgt.com\/wp-content\/uploads\/2024\/05\/logo-microdent-300x200.jpg 300w\" sizes=\"(max-width: 600px) 100vw, 600px\" \/>\t\t\t\t\t\t\t\t\t\t\t\t\t\t\t<\/div>\n\t\t\t\t<\/div>\n\t\t\t\t<div class=\"elementor-element elementor-element-1ab4820 elementor-widget elementor-widget-text-editor\" data-id=\"1ab4820\" data-element_type=\"widget\" data-e-type=\"widget\" data-widget_type=\"text-editor.default\">\n\t\t\t\t<div class=\"elementor-widget-container\">\n\t\t\t\t\t\t\t\t\t<div class=\"col-12 col-lg-10\"><div class=\"content-intro\"><div class=\"intro\"><p>Microdent, fundada en Barcelona el 1983, es una compa\u00f1\u00eda pionera en el mercado internacional en el desarrollo, fabricaci\u00f3n y comercializaci\u00f3n de sistemas integrales de rehabilitaci\u00f3n oral, orientada siempre a los profesionales que exigen la m\u00e1s alta calidad y precisi\u00f3n.<\/p><\/div><\/div><\/div><div class=\"col-12 col-lg-10\"><div class=\"content-text\"><p>Al elegir implantes Microdent est\u00e1 usted apostando por una gran compa\u00f1\u00eda con una trayectoria profesional alcanzada con mucho esfuerzo, llena de \u00e9xitos y apoyada adem\u00e1s por muchos de los implant\u00f3logos m\u00e1s reconocidos del panorama internacional.<\/p><p>Microdent, a lo largo de estos m\u00e1s de cuarenta a\u00f1os de trabajo, se ha destacado por la investigaci\u00f3n, colaborando con muchas universidades de Espa\u00f1a e internacionales, participando en numerosos proyectos cient\u00edficos y publicando art\u00edculos en revistas especializadas del sector.<\/p><\/div><\/div>\t\t\t\t\t\t\t\t<\/div>\n\t\t\t\t<\/div>\n\t\t\t\t<div class=\"elementor-element elementor-element-6d635e0 elementor-widget-divider--view-line elementor-widget elementor-widget-divider\" data-id=\"6d635e0\" data-element_type=\"widget\" data-e-type=\"widget\" data-widget_type=\"divider.default\">\n\t\t\t\t<div class=\"elementor-widget-container\">\n\t\t\t\t\t\t\t<div class=\"elementor-divider\">\n\t\t\t<span class=\"elementor-divider-separator\">\n\t\t\t\t\t\t<\/span>\n\t\t<\/div>\n\t\t\t\t\t\t<\/div>\n\t\t\t\t<\/div>\n\t\t\t\t<div class=\"elementor-element elementor-element-f07d090 elementor-widget elementor-widget-image\" data-id=\"f07d090\" data-element_type=\"widget\" data-e-type=\"widget\" data-widget_type=\"image.default\">\n\t\t\t\t<div class=\"elementor-widget-container\">\n\t\t\t\t\t\t\t\t\t\t\t\t\t\t\t<img decoding=\"async\" width=\"768\" height=\"427\" src=\"https:\/\/www.providentgt.com\/wp-content\/uploads\/2024\/05\/Provident-logo-completo-768x427.jpg\" class=\"attachment-medium_large size-medium_large wp-image-1540\" alt=\"\" srcset=\"https:\/\/www.providentgt.com\/wp-content\/uploads\/2024\/05\/Provident-logo-completo-768x427.jpg 768w, https:\/\/www.providentgt.com\/wp-content\/uploads\/2024\/05\/Provident-logo-completo-300x167.jpg 300w, https:\/\/www.providentgt.com\/wp-content\/uploads\/2024\/05\/Provident-logo-completo-1024x569.jpg 1024w, https:\/\/www.providentgt.com\/wp-content\/uploads\/2024\/05\/Provident-logo-completo-1536x853.jpg 1536w, https:\/\/www.providentgt.com\/wp-content\/uploads\/2024\/05\/Provident-logo-completo.jpg 1800w\" sizes=\"(max-width: 768px) 100vw, 768px\" \/>\t\t\t\t\t\t\t\t\t\t\t\t\t\t\t<\/div>\n\t\t\t\t<\/div>\n\t\t\t\t<div class=\"elementor-element elementor-element-1e7f450 elementor-widget elementor-widget-heading\" data-id=\"1e7f450\" data-element_type=\"widget\" data-e-type=\"widget\" data-widget_type=\"heading.default\">\n\t\t\t\t<div class=\"elementor-widget-container\">\n\t\t\t\t\t<h2 class=\"elementor-heading-title elementor-size-default\">Distribuidores exclusivos de implantes <br>microdent en guatemala<\/h2>\t\t\t\t<\/div>\n\t\t\t\t<\/div>\n\t\t\t\t<div class=\"elementor-element elementor-element-fecbe22 elementor-widget-divider--view-line elementor-widget elementor-widget-divider\" data-id=\"fecbe22\" data-element_type=\"widget\" data-e-type=\"widget\" data-widget_type=\"divider.default\">\n\t\t\t\t<div class=\"elementor-widget-container\">\n\t\t\t\t\t\t\t<div class=\"elementor-divider\">\n\t\t\t<span class=\"elementor-divider-separator\">\n\t\t\t\t\t\t<\/span>\n\t\t<\/div>\n\t\t\t\t\t\t<\/div>\n\t\t\t\t<\/div>\n\t\t<div class=\"elementor-element elementor-element-fcacbe3 e-con-full e-flex e-con e-child\" data-id=\"fcacbe3\" data-element_type=\"container\" data-e-type=\"container\">\n\t\t<div class=\"elementor-element elementor-element-e5b0bfc e-con-full e-flex e-con e-child\" data-id=\"e5b0bfc\" data-element_type=\"container\" data-e-type=\"container\">\n\t\t\t\t<div class=\"elementor-element elementor-element-e29dd65 elementor-widget elementor-widget-image\" data-id=\"e29dd65\" data-element_type=\"widget\" data-e-type=\"widget\" data-widget_type=\"image.default\">\n\t\t\t\t<div class=\"elementor-widget-container\">\n\t\t\t\t\t\t\t\t\t\t\t\t\t\t\t<img decoding=\"async\" width=\"1920\" height=\"1080\" src=\"https:\/\/www.providentgt.com\/wp-content\/uploads\/2024\/05\/Implante-Ektos.jpg\" class=\"attachment-full size-full wp-image-1354\" alt=\"\" srcset=\"https:\/\/www.providentgt.com\/wp-content\/uploads\/2024\/05\/Implante-Ektos.jpg 1920w, https:\/\/www.providentgt.com\/wp-content\/uploads\/2024\/05\/Implante-Ektos-300x169.jpg 300w, https:\/\/www.providentgt.com\/wp-content\/uploads\/2024\/05\/Implante-Ektos-1024x576.jpg 1024w, https:\/\/www.providentgt.com\/wp-content\/uploads\/2024\/05\/Implante-Ektos-768x432.jpg 768w, https:\/\/www.providentgt.com\/wp-content\/uploads\/2024\/05\/Implante-Ektos-1536x864.jpg 1536w, https:\/\/www.providentgt.com\/wp-content\/uploads\/2024\/05\/Implante-Ektos-600x338.jpg 600w\" sizes=\"(max-width: 1920px) 100vw, 1920px\" \/>\t\t\t\t\t\t\t\t\t\t\t\t\t\t\t<\/div>\n\t\t\t\t<\/div>\n\t\t\t\t<div class=\"elementor-element elementor-element-4c0c859 elementor-widget elementor-widget-image-box\" data-id=\"4c0c859\" data-element_type=\"widget\" data-e-type=\"widget\" data-widget_type=\"image-box.default\">\n\t\t\t\t<div class=\"elementor-widget-container\">\n\t\t\t\t\t<div class=\"elementor-image-box-wrapper\"><div class=\"elementor-image-box-content\"><h5 class=\"elementor-image-box-title\">EKTOS<br>Implantes de Conexi\u00f3n Interna Hexagonal<\/h5><p class=\"elementor-image-box-description\">Sistema implantol\u00f3gico de conexi\u00f3n interna hexagonal fabricado en titanio\ngrado 4, que se inserta en una posici\u00f3n supracrestal cuyo uso admite\nt\u00e9cnicas de carga diferida o carga inmediata.<\/p><\/div><\/div>\t\t\t\t<\/div>\n\t\t\t\t<\/div>\n\t\t\t\t<div class=\"elementor-element elementor-element-3a11dd2 elementor-align-center elementor-widget elementor-widget-button\" data-id=\"3a11dd2\" data-element_type=\"widget\" data-e-type=\"widget\" data-widget_type=\"button.default\">\n\t\t\t\t<div class=\"elementor-widget-container\">\n\t\t\t\t\t\t\t\t\t<div class=\"elementor-button-wrapper\">\n\t\t\t\t\t<a class=\"elementor-button elementor-button-link elementor-size-sm\" href=\"https:\/\/microdentsystem.com\/sites\/default\/files\/GuiaEKC2022okview.pdf\">\n\t\t\t\t\t\t<span class=\"elementor-button-content-wrapper\">\n\t\t\t\t\t\t<span class=\"elementor-button-icon\">\n\t\t\t\t<svg aria-hidden=\"true\" class=\"e-font-icon-svg e-fas-long-arrow-alt-right\" viewBox=\"0 0 448 512\" xmlns=\"http:\/\/www.w3.org\/2000\/svg\"><path d=\"M313.941 216H12c-6.627 0-12 5.373-12 12v56c0 6.627 5.373 12 12 12h301.941v46.059c0 21.382 25.851 32.09 40.971 16.971l86.059-86.059c9.373-9.373 9.373-24.569 0-33.941l-86.059-86.059c-15.119-15.119-40.971-4.411-40.971 16.971V216z\"><\/path><\/svg>\t\t\t<\/span>\n\t\t\t\t\t\t\t\t\t<span class=\"elementor-button-text\">Mayor informaci\u00f3n<\/span>\n\t\t\t\t\t<\/span>\n\t\t\t\t\t<\/a>\n\t\t\t\t<\/div>\n\t\t\t\t\t\t\t\t<\/div>\n\t\t\t\t<\/div>\n\t\t\t\t<\/div>\n\t\t<div class=\"elementor-element elementor-element-dfad135 e-con-full e-flex e-con e-child\" data-id=\"dfad135\" data-element_type=\"container\" data-e-type=\"container\">\n\t\t\t\t<div class=\"elementor-element elementor-element-4c7d935 elementor-widget elementor-widget-image\" data-id=\"4c7d935\" data-element_type=\"widget\" data-e-type=\"widget\" data-widget_type=\"image.default\">\n\t\t\t\t<div class=\"elementor-widget-container\">\n\t\t\t\t\t\t\t\t\t\t\t\t\t\t\t<img loading=\"lazy\" decoding=\"async\" width=\"1920\" height=\"1080\" src=\"https:\/\/www.providentgt.com\/wp-content\/uploads\/2024\/05\/Implante-Genius3-Microdent.jpg\" class=\"attachment-full size-full wp-image-1355\" alt=\"\" srcset=\"https:\/\/www.providentgt.com\/wp-content\/uploads\/2024\/05\/Implante-Genius3-Microdent.jpg 1920w, https:\/\/www.providentgt.com\/wp-content\/uploads\/2024\/05\/Implante-Genius3-Microdent-300x169.jpg 300w, https:\/\/www.providentgt.com\/wp-content\/uploads\/2024\/05\/Implante-Genius3-Microdent-1024x576.jpg 1024w, https:\/\/www.providentgt.com\/wp-content\/uploads\/2024\/05\/Implante-Genius3-Microdent-768x432.jpg 768w, https:\/\/www.providentgt.com\/wp-content\/uploads\/2024\/05\/Implante-Genius3-Microdent-1536x864.jpg 1536w, https:\/\/www.providentgt.com\/wp-content\/uploads\/2024\/05\/Implante-Genius3-Microdent-600x338.jpg 600w\" sizes=\"(max-width: 1920px) 100vw, 1920px\" \/>\t\t\t\t\t\t\t\t\t\t\t\t\t\t\t<\/div>\n\t\t\t\t<\/div>\n\t\t\t\t<div class=\"elementor-element elementor-element-bf895a5 elementor-widget elementor-widget-image-box\" data-id=\"bf895a5\" data-element_type=\"widget\" data-e-type=\"widget\" data-widget_type=\"image-box.default\">\n\t\t\t\t<div class=\"elementor-widget-container\">\n\t\t\t\t\t<div class=\"elementor-image-box-wrapper\"><div class=\"elementor-image-box-content\"><h5 class=\"elementor-image-box-title\">GENIUS<br>Implantes de Conexi\u00f3n Interna C\u00f3nica<\/h5><p class=\"elementor-image-box-description\">Sistema implantol\u00f3gico de conexi\u00f3n interna c\u00f3nica indexada (conicidad de 8\u00b0),\nfabricado en titanio grado 4, que se inserta en una posici\u00f3n subcrestal y permite\nun excelente sellado de la uni\u00f3n implante-pilar.<\/p><\/div><\/div>\t\t\t\t<\/div>\n\t\t\t\t<\/div>\n\t\t\t\t<div class=\"elementor-element elementor-element-d9ec105 elementor-align-center elementor-widget elementor-widget-button\" data-id=\"d9ec105\" data-element_type=\"widget\" data-e-type=\"widget\" data-widget_type=\"button.default\">\n\t\t\t\t<div class=\"elementor-widget-container\">\n\t\t\t\t\t\t\t\t\t<div class=\"elementor-button-wrapper\">\n\t\t\t\t\t<a class=\"elementor-button elementor-button-link elementor-size-sm\" href=\"https:\/\/microdentsystem.com\/sites\/default\/files\/GuiaGenius2022okview.pdf\">\n\t\t\t\t\t\t<span class=\"elementor-button-content-wrapper\">\n\t\t\t\t\t\t<span class=\"elementor-button-icon\">\n\t\t\t\t<svg aria-hidden=\"true\" class=\"e-font-icon-svg e-fas-long-arrow-alt-right\" viewBox=\"0 0 448 512\" xmlns=\"http:\/\/www.w3.org\/2000\/svg\"><path d=\"M313.941 216H12c-6.627 0-12 5.373-12 12v56c0 6.627 5.373 12 12 12h301.941v46.059c0 21.382 25.851 32.09 40.971 16.971l86.059-86.059c9.373-9.373 9.373-24.569 0-33.941l-86.059-86.059c-15.119-15.119-40.971-4.411-40.971 16.971V216z\"><\/path><\/svg>\t\t\t<\/span>\n\t\t\t\t\t\t\t\t\t<span class=\"elementor-button-text\">mayor informaci\u00f3n<\/span>\n\t\t\t\t\t<\/span>\n\t\t\t\t\t<\/a>\n\t\t\t\t<\/div>\n\t\t\t\t\t\t\t\t<\/div>\n\t\t\t\t<\/div>\n\t\t\t\t<\/div>\n\t\t\t\t<\/div>\n\t\t\t\t<\/div>\n\t\t\t\t\t<\/div>\n\t\t\t\t<\/div>\n\t\t\t\t<\/div>\n\t\t","protected":false},"excerpt":{"rendered":"<p>Microdent, fundada en Barcelona el 1983, es una compa\u00f1\u00eda pionera en el mercado internacional en el desarrollo, fabricaci\u00f3n y comercializaci\u00f3n de sistemas integrales de rehabilitaci\u00f3n oral, orientada siempre a los profesionales que exigen la m\u00e1s alta calidad y precisi\u00f3n. Al elegir implantes Microdent est\u00e1 usted apostando por una gran compa\u00f1\u00eda con una trayectoria profesional alcanzada [&hellip;]<\/p>\n","protected":false},"author":1,"featured_media":0,"parent":1638,"menu_order":0,"comment_status":"closed","ping_status":"closed","template":"","meta":{"site-sidebar-layout":"no-sidebar","site-content-layout":"page-builder","ast-site-content-layout":"full-width-container","site-content-style":"unboxed","site-sidebar-style":"unboxed","ast-global-header-display":"","ast-banner-title-visibility":"","ast-main-header-display":"","ast-hfb-above-header-display":"","ast-hfb-below-header-display":"","ast-hfb-mobile-header-display":"","site-post-title":"disabled","ast-breadcrumbs-content":"","ast-featured-img":"disabled","footer-sml-layout":"","theme-transparent-header-meta":"enabled","adv-header-id-meta":"","stick-header-meta":"","header-above-stick-meta":"","header-main-stick-meta":"","header-below-stick-meta":"","astra-migrate-meta-layouts":"set","ast-page-background-enabled":"default","ast-page-background-meta":{"desktop":{"background-color":"","background-image":"","background-repeat":"repeat","background-position":"center center","background-size":"auto","background-attachment":"scroll","background-type":"","background-media":"","overlay-type":"","overlay-color":"","overlay-gradient":""},"tablet":{"background-color":"","background-image":"","background-repeat":"repeat","background-position":"center center","background-size":"auto","background-attachment":"scroll","background-type":"","background-media":"","overlay-type":"","overlay-color":"","overlay-gradient":""},"mobile":{"background-color":"","background-image":"","background-repeat":"repeat","background-position":"center center","background-size":"auto","background-attachment":"scroll","background-type":"","background-media":"","overlay-type":"","overlay-color":"","overlay-gradient":""}},"ast-content-background-meta":{"desktop":{"background-color":"var(--ast-global-color-5)","background-image":"","background-repeat":"repeat","background-position":"center center","background-size":"auto","background-attachment":"scroll","background-type":"","background-media":"","overlay-type":"","overlay-color":"","overlay-gradient":""},"tablet":{"background-color":"var(--ast-global-color-5)","background-image":"","background-repeat":"repeat","background-position":"center center","background-size":"auto","background-attachment":"scroll","background-type":"","background-media":"","overlay-type":"","overlay-color":"","overlay-gradient":""},"mobile":{"background-color":"var(--ast-global-color-5)","background-image":"","background-repeat":"repeat","background-position":"center center","background-size":"auto","background-attachment":"scroll","background-type":"","background-media":"","overlay-type":"","overlay-color":"","overlay-gradient":""}},"footnotes":""},"class_list":["post-6","page","type-page","status-publish","hentry"],"_links":{"self":[{"href":"https:\/\/www.providentgt.com\/index.php?rest_route=\/wp\/v2\/pages\/6","targetHints":{"allow":["GET"]}}],"collection":[{"href":"https:\/\/www.providentgt.com\/index.php?rest_route=\/wp\/v2\/pages"}],"about":[{"href":"https:\/\/www.providentgt.com\/index.php?rest_route=\/wp\/v2\/types\/page"}],"author":[{"embeddable":true,"href":"https:\/\/www.providentgt.com\/index.php?rest_route=\/wp\/v2\/users\/1"}],"replies":[{"embeddable":true,"href":"https:\/\/www.providentgt.com\/index.php?rest_route=%2Fwp%2Fv2%2Fcomments&post=6"}],"version-history":[{"count":10,"href":"https:\/\/www.providentgt.com\/index.php?rest_route=\/wp\/v2\/pages\/6\/revisions"}],"predecessor-version":[{"id":1643,"href":"https:\/\/www.providentgt.com\/index.php?rest_route=\/wp\/v2\/pages\/6\/revisions\/1643"}],"up":[{"embeddable":true,"href":"https:\/\/www.providentgt.com\/index.php?rest_route=\/wp\/v2\/pages\/1638"}],"wp:attachment":[{"href":"https:\/\/www.providentgt.com\/index.php?rest_route=%2Fwp%2Fv2%2Fmedia&parent=6"}],"curies":[{"name":"wp","href":"https:\/\/api.w.org\/{rel}","templated":true}]}}