{"id":1638,"date":"2024-05-26T23:30:57","date_gmt":"2024-05-26T23:30:57","guid":{"rendered":"https:\/\/www.providentgt.com\/?page_id=1638"},"modified":"2024-05-27T00:03:32","modified_gmt":"2024-05-27T00:03:32","slug":"productos","status":"publish","type":"page","link":"https:\/\/www.providentgt.com\/?page_id=1638","title":{"rendered":"Productos"},"content":{"rendered":"\t\t<div data-elementor-type=\"wp-page\" data-elementor-id=\"1638\" class=\"elementor elementor-1638\">\n\t\t\t\t<div class=\"elementor-element elementor-element-39ec1a7 e-flex e-con-boxed e-con e-parent\" data-id=\"39ec1a7\" data-element_type=\"container\" data-e-type=\"container\" data-settings=\"{&quot;background_background&quot;:&quot;classic&quot;}\">\n\t\t\t\t\t<div class=\"e-con-inner\">\n\t\t<div class=\"elementor-element elementor-element-f1fbd8f e-con-full e-flex e-con e-child\" data-id=\"f1fbd8f\" data-element_type=\"container\" data-e-type=\"container\">\n\t\t\t\t<div class=\"elementor-element elementor-element-7ecc768 elementor-widget elementor-widget-heading\" data-id=\"7ecc768\" data-element_type=\"widget\" data-e-type=\"widget\" data-widget_type=\"heading.default\">\n\t\t\t\t<div class=\"elementor-widget-container\">\n\t\t\t\t\t<h1 class=\"elementor-heading-title elementor-size-default\">PRODUCTOS<\/h1>\t\t\t\t<\/div>\n\t\t\t\t<\/div>\n\t\t\t\t<\/div>\n\t\t\t\t\t<\/div>\n\t\t\t\t<\/div>\n\t\t<div class=\"elementor-element elementor-element-3208b0b e-flex e-con-boxed e-con e-parent\" data-id=\"3208b0b\" data-element_type=\"container\" data-e-type=\"container\">\n\t\t\t\t\t<div class=\"e-con-inner\">\n\t\t\t\t<div class=\"elementor-element elementor-element-3d67718 elementor-widget elementor-widget-heading\" data-id=\"3d67718\" data-element_type=\"widget\" data-e-type=\"widget\" data-widget_type=\"heading.default\">\n\t\t\t\t<div class=\"elementor-widget-container\">\n\t\t\t\t\t<h2 class=\"elementor-heading-title elementor-size-default\">ALGUNOS DE NUESTROS PRODUCTOS <\/h2>\t\t\t\t<\/div>\n\t\t\t\t<\/div>\n\t\t\t\t<div class=\"elementor-element elementor-element-45e1afc elementor-widget elementor-widget-text-editor\" data-id=\"45e1afc\" data-element_type=\"widget\" data-e-type=\"widget\" data-widget_type=\"text-editor.default\">\n\t\t\t\t<div class=\"elementor-widget-container\">\n\t\t\t\t\t\t\t\t\t<p>Nuestro portafolio de productos incluye Sistemas Implantol\u00f3gicos de Conexi\u00f3n Interna tanto de Conexi\u00f3n C\u00f3nica como de Conexi\u00f3n Hexagonal as\u00ed como Expansores de Hueso, Sistemas de Elevaci\u00f3n de Seno Maxilar, Sistema de Fijaci\u00f3n de Membranas, entre otros.<\/p>\t\t\t\t\t\t\t\t<\/div>\n\t\t\t\t<\/div>\n\t\t\t\t\t<\/div>\n\t\t\t\t<\/div>\n\t\t<div class=\"elementor-element elementor-element-8a29c61 e-flex e-con-boxed e-con e-parent\" data-id=\"8a29c61\" data-element_type=\"container\" data-e-type=\"container\">\n\t\t\t\t\t<div class=\"e-con-inner\">\n\t\t<div class=\"elementor-element elementor-element-1ddac6c e-con-full e-flex e-con e-child\" data-id=\"1ddac6c\" data-element_type=\"container\" data-e-type=\"container\">\n\t\t\t\t<div class=\"elementor-element elementor-element-dfe2d87 elementor-widget elementor-widget-image\" data-id=\"dfe2d87\" data-element_type=\"widget\" data-e-type=\"widget\" data-widget_type=\"image.default\">\n\t\t\t\t<div class=\"elementor-widget-container\">\n\t\t\t\t\t\t\t\t\t\t\t\t\t\t\t<img fetchpriority=\"high\" decoding=\"async\" width=\"1024\" height=\"576\" src=\"https:\/\/www.providentgt.com\/wp-content\/uploads\/2024\/05\/Implante-Genius3-Microdent-1024x576.png\" class=\"attachment-large size-large wp-image-1613\" alt=\"\" srcset=\"https:\/\/www.providentgt.com\/wp-content\/uploads\/2024\/05\/Implante-Genius3-Microdent-1024x576.png 1024w, https:\/\/www.providentgt.com\/wp-content\/uploads\/2024\/05\/Implante-Genius3-Microdent-300x169.png 300w, https:\/\/www.providentgt.com\/wp-content\/uploads\/2024\/05\/Implante-Genius3-Microdent-768x432.png 768w, https:\/\/www.providentgt.com\/wp-content\/uploads\/2024\/05\/Implante-Genius3-Microdent-1536x864.png 1536w, https:\/\/www.providentgt.com\/wp-content\/uploads\/2024\/05\/Implante-Genius3-Microdent.png 1920w\" sizes=\"(max-width: 1024px) 100vw, 1024px\" \/>\t\t\t\t\t\t\t\t\t\t\t\t\t\t\t<\/div>\n\t\t\t\t<\/div>\n\t\t\t\t<div class=\"elementor-element elementor-element-866220e elementor-widget elementor-widget-heading\" data-id=\"866220e\" data-element_type=\"widget\" data-e-type=\"widget\" data-widget_type=\"heading.default\">\n\t\t\t\t<div class=\"elementor-widget-container\">\n\t\t\t\t\t<h2 class=\"elementor-heading-title elementor-size-default\">implantes ektos y genius<\/h2>\t\t\t\t<\/div>\n\t\t\t\t<\/div>\n\t\t\t\t<div class=\"elementor-element elementor-element-8100889 elementor-widget elementor-widget-text-editor\" data-id=\"8100889\" data-element_type=\"widget\" data-e-type=\"widget\" data-widget_type=\"text-editor.default\">\n\t\t\t\t<div class=\"elementor-widget-container\">\n\t\t\t\t\t\t\t\t\t<p>Contamos con Sistema Implantol\u00f3gico Ektos (Conexi\u00f3n Interna Hexagonal) y con Sistema Implantol\u00f3gico Genius (Conexi\u00f3n Interna C\u00f3nica), ambos sistemas tienen pueden ser colocados con el mismo kit quir\u00fargico, reduciendo as\u00ed hacia el cl\u00ednico la necesidad de contar con variedad de intrumental.&nbsp;<\/p>\t\t\t\t\t\t\t\t<\/div>\n\t\t\t\t<\/div>\n\t\t\t\t<\/div>\n\t\t<div class=\"elementor-element elementor-element-2903fd7 e-con-full e-flex e-con e-child\" data-id=\"2903fd7\" data-element_type=\"container\" data-e-type=\"container\">\n\t\t\t\t<div class=\"elementor-element elementor-element-6ed80b6 elementor-widget elementor-widget-image\" data-id=\"6ed80b6\" data-element_type=\"widget\" data-e-type=\"widget\" data-widget_type=\"image.default\">\n\t\t\t\t<div class=\"elementor-widget-container\">\n\t\t\t\t\t\t\t\t\t\t\t\t\t\t\t<img decoding=\"async\" width=\"590\" height=\"484\" src=\"https:\/\/www.providentgt.com\/wp-content\/uploads\/2024\/05\/expansores-de-hueso-microdent-full-kit.png\" class=\"attachment-2048x2048 size-2048x2048 wp-image-1521\" alt=\"\" srcset=\"https:\/\/www.providentgt.com\/wp-content\/uploads\/2024\/05\/expansores-de-hueso-microdent-full-kit.png 590w, https:\/\/www.providentgt.com\/wp-content\/uploads\/2024\/05\/expansores-de-hueso-microdent-full-kit-300x246.png 300w\" sizes=\"(max-width: 590px) 100vw, 590px\" \/>\t\t\t\t\t\t\t\t\t\t\t\t\t\t\t<\/div>\n\t\t\t\t<\/div>\n\t\t\t\t<div class=\"elementor-element elementor-element-07fa953 elementor-widget elementor-widget-heading\" data-id=\"07fa953\" data-element_type=\"widget\" data-e-type=\"widget\" data-widget_type=\"heading.default\">\n\t\t\t\t<div class=\"elementor-widget-container\">\n\t\t\t\t\t<h2 class=\"elementor-heading-title elementor-size-default\">expansi\u00f3n \u00f3sea<\/h2>\t\t\t\t<\/div>\n\t\t\t\t<\/div>\n\t\t\t\t<div class=\"elementor-element elementor-element-8b76e5f elementor-widget elementor-widget-text-editor\" data-id=\"8b76e5f\" data-element_type=\"widget\" data-e-type=\"widget\" data-widget_type=\"text-editor.default\">\n\t\t\t\t<div class=\"elementor-widget-container\">\n\t\t\t\t\t\t\t\t\t<p>Microdent patent\u00f3 a nivel mundial en 1997 los primeros expansores y condensadores roscados para las t\u00e9cnicas atraum\u00e1ticas de expansi\u00f3n y condensaci\u00f3n \u00f3sea a rosca.<\/p>\t\t\t\t\t\t\t\t<\/div>\n\t\t\t\t<\/div>\n\t\t\t\t<\/div>\n\t\t<div class=\"elementor-element elementor-element-b7345d0 e-con-full e-flex e-con e-child\" data-id=\"b7345d0\" data-element_type=\"container\" data-e-type=\"container\">\n\t\t\t\t<div class=\"elementor-element elementor-element-78ea3f3 elementor-widget elementor-widget-image\" data-id=\"78ea3f3\" data-element_type=\"widget\" data-e-type=\"widget\" data-widget_type=\"image.default\">\n\t\t\t\t<div class=\"elementor-widget-container\">\n\t\t\t\t\t\t\t\t\t\t\t\t\t\t\t<img decoding=\"async\" width=\"1020\" height=\"861\" src=\"https:\/\/www.providentgt.com\/wp-content\/uploads\/2024\/05\/Kit-de-Cirugia-Microdent.jpg\" class=\"attachment-large size-large wp-image-1359\" alt=\"\" srcset=\"https:\/\/www.providentgt.com\/wp-content\/uploads\/2024\/05\/Kit-de-Cirugia-Microdent.jpg 1020w, https:\/\/www.providentgt.com\/wp-content\/uploads\/2024\/05\/Kit-de-Cirugia-Microdent-300x253.jpg 300w, https:\/\/www.providentgt.com\/wp-content\/uploads\/2024\/05\/Kit-de-Cirugia-Microdent-768x648.jpg 768w, https:\/\/www.providentgt.com\/wp-content\/uploads\/2024\/05\/Kit-de-Cirugia-Microdent-600x506.jpg 600w\" sizes=\"(max-width: 1020px) 100vw, 1020px\" \/>\t\t\t\t\t\t\t\t\t\t\t\t\t\t\t<\/div>\n\t\t\t\t<\/div>\n\t\t\t\t<div class=\"elementor-element elementor-element-331fd1b elementor-widget elementor-widget-heading\" data-id=\"331fd1b\" data-element_type=\"widget\" data-e-type=\"widget\" data-widget_type=\"heading.default\">\n\t\t\t\t<div class=\"elementor-widget-container\">\n\t\t\t\t\t<h2 class=\"elementor-heading-title elementor-size-default\">kit quir\u00fargico<\/h2>\t\t\t\t<\/div>\n\t\t\t\t<\/div>\n\t\t\t\t<div class=\"elementor-element elementor-element-551504e elementor-widget elementor-widget-text-editor\" data-id=\"551504e\" data-element_type=\"widget\" data-e-type=\"widget\" data-widget_type=\"text-editor.default\">\n\t\t\t\t<div class=\"elementor-widget-container\">\n\t\t\t\t\t\t\t\t\t<p>Los kit quir\u00fargicos vienen especialmente customizados para que el cl\u00ednico pueda colocar los dos tipos de implantes con un mismo sistema. Aumentando la rentabilidad hacia el cl\u00ednico y reduciendo la necesidad de invertir en un sistema adicional.<\/p>\t\t\t\t\t\t\t\t<\/div>\n\t\t\t\t<\/div>\n\t\t\t\t<\/div>\n\t\t<div class=\"elementor-element elementor-element-2b517d6 e-con-full e-flex e-con e-child\" data-id=\"2b517d6\" data-element_type=\"container\" data-e-type=\"container\">\n\t\t\t\t<div class=\"elementor-element elementor-element-764bd2d elementor-widget elementor-widget-image\" data-id=\"764bd2d\" data-element_type=\"widget\" data-e-type=\"widget\" data-widget_type=\"image.default\">\n\t\t\t\t<div class=\"elementor-widget-container\">\n\t\t\t\t\t\t\t\t\t\t\t\t\t\t\t<img loading=\"lazy\" decoding=\"async\" width=\"786\" height=\"705\" src=\"https:\/\/www.providentgt.com\/wp-content\/uploads\/2024\/05\/Cortical-Fix.jpg\" class=\"attachment-large size-large wp-image-1523\" alt=\"\" srcset=\"https:\/\/www.providentgt.com\/wp-content\/uploads\/2024\/05\/Cortical-Fix.jpg 786w, https:\/\/www.providentgt.com\/wp-content\/uploads\/2024\/05\/Cortical-Fix-300x269.jpg 300w, https:\/\/www.providentgt.com\/wp-content\/uploads\/2024\/05\/Cortical-Fix-768x689.jpg 768w\" sizes=\"(max-width: 786px) 100vw, 786px\" \/>\t\t\t\t\t\t\t\t\t\t\t\t\t\t\t<\/div>\n\t\t\t\t<\/div>\n\t\t\t\t<div class=\"elementor-element elementor-element-48b83cc elementor-widget elementor-widget-heading\" data-id=\"48b83cc\" data-element_type=\"widget\" data-e-type=\"widget\" data-widget_type=\"heading.default\">\n\t\t\t\t<div class=\"elementor-widget-container\">\n\t\t\t\t\t<h2 class=\"elementor-heading-title elementor-size-default\">kit de elevaci\u00f3n de seno<\/h2>\t\t\t\t<\/div>\n\t\t\t\t<\/div>\n\t\t\t\t<div class=\"elementor-element elementor-element-7e5cb01 elementor-widget elementor-widget-text-editor\" data-id=\"7e5cb01\" data-element_type=\"widget\" data-e-type=\"widget\" data-widget_type=\"text-editor.default\">\n\t\t\t\t<div class=\"elementor-widget-container\">\n\t\t\t\t\t\t\t\t\t<p>El Sistema de Regeneraci\u00f3n \u00d3sea Cortical-Fix es un dispositivo para cirug\u00eda oral desarrollado y patentado por Microdent, y destinado a aumentar por compactaci\u00f3n de forma lenta y controlada la segunda cortical \u00f3sea de la zona subantral del seno.<\/p>\t\t\t\t\t\t\t\t<\/div>\n\t\t\t\t<\/div>\n\t\t\t\t<\/div>\n\t\t\t\t\t<\/div>\n\t\t\t\t<\/div>\n\t\t\t\t<\/div>\n\t\t","protected":false},"excerpt":{"rendered":"<p>PRODUCTOS ALGUNOS DE NUESTROS PRODUCTOS Nuestro portafolio de productos incluye Sistemas Implantol\u00f3gicos de Conexi\u00f3n Interna tanto de Conexi\u00f3n C\u00f3nica como de Conexi\u00f3n Hexagonal as\u00ed como Expansores de Hueso, Sistemas de Elevaci\u00f3n de Seno Maxilar, Sistema de Fijaci\u00f3n de Membranas, entre otros. implantes ektos y genius Contamos con Sistema Implantol\u00f3gico Ektos (Conexi\u00f3n Interna Hexagonal) y con [&hellip;]<\/p>\n","protected":false},"author":1,"featured_media":0,"parent":0,"menu_order":0,"comment_status":"closed","ping_status":"closed","template":"","meta":{"site-sidebar-layout":"no-sidebar","site-content-layout":"page-builder","ast-site-content-layout":"full-width-container","site-content-style":"default","site-sidebar-style":"default","ast-global-header-display":"","ast-banner-title-visibility":"","ast-main-header-display":"","ast-hfb-above-header-display":"","ast-hfb-below-header-display":"","ast-hfb-mobile-header-display":"","site-post-title":"disabled","ast-breadcrumbs-content":"","ast-featured-img":"disabled","footer-sml-layout":"","theme-transparent-header-meta":"","adv-header-id-meta":"","stick-header-meta":"","header-above-stick-meta":"","header-main-stick-meta":"","header-below-stick-meta":"","astra-migrate-meta-layouts":"set","ast-page-background-enabled":"default","ast-page-background-meta":{"desktop":{"background-color":"","background-image":"","background-repeat":"repeat","background-position":"center center","background-size":"auto","background-attachment":"scroll","background-type":"","background-media":"","overlay-type":"","overlay-color":"","overlay-gradient":""},"tablet":{"background-color":"","background-image":"","background-repeat":"repeat","background-position":"center center","background-size":"auto","background-attachment":"scroll","background-type":"","background-media":"","overlay-type":"","overlay-color":"","overlay-gradient":""},"mobile":{"background-color":"","background-image":"","background-repeat":"repeat","background-position":"center center","background-size":"auto","background-attachment":"scroll","background-type":"","background-media":"","overlay-type":"","overlay-color":"","overlay-gradient":""}},"ast-content-background-meta":{"desktop":{"background-color":"var(--ast-global-color-5)","background-image":"","background-repeat":"repeat","background-position":"center center","background-size":"auto","background-attachment":"scroll","background-type":"","background-media":"","overlay-type":"","overlay-color":"","overlay-gradient":""},"tablet":{"background-color":"var(--ast-global-color-5)","background-image":"","background-repeat":"repeat","background-position":"center center","background-size":"auto","background-attachment":"scroll","background-type":"","background-media":"","overlay-type":"","overlay-color":"","overlay-gradient":""},"mobile":{"background-color":"var(--ast-global-color-5)","background-image":"","background-repeat":"repeat","background-position":"center center","background-size":"auto","background-attachment":"scroll","background-type":"","background-media":"","overlay-type":"","overlay-color":"","overlay-gradient":""}},"footnotes":""},"class_list":["post-1638","page","type-page","status-publish","hentry"],"_links":{"self":[{"href":"https:\/\/www.providentgt.com\/index.php?rest_route=\/wp\/v2\/pages\/1638","targetHints":{"allow":["GET"]}}],"collection":[{"href":"https:\/\/www.providentgt.com\/index.php?rest_route=\/wp\/v2\/pages"}],"about":[{"href":"https:\/\/www.providentgt.com\/index.php?rest_route=\/wp\/v2\/types\/page"}],"author":[{"embeddable":true,"href":"https:\/\/www.providentgt.com\/index.php?rest_route=\/wp\/v2\/users\/1"}],"replies":[{"embeddable":true,"href":"https:\/\/www.providentgt.com\/index.php?rest_route=%2Fwp%2Fv2%2Fcomments&post=1638"}],"version-history":[{"count":4,"href":"https:\/\/www.providentgt.com\/index.php?rest_route=\/wp\/v2\/pages\/1638\/revisions"}],"predecessor-version":[{"id":1642,"href":"https:\/\/www.providentgt.com\/index.php?rest_route=\/wp\/v2\/pages\/1638\/revisions\/1642"}],"wp:attachment":[{"href":"https:\/\/www.providentgt.com\/index.php?rest_route=%2Fwp%2Fv2%2Fmedia&parent=1638"}],"curies":[{"name":"wp","href":"https:\/\/api.w.org\/{rel}","templated":true}]}}